{"id":83,"date":"2025-11-25T14:34:10","date_gmt":"2025-11-25T13:34:10","guid":{"rendered":"https:\/\/test.articaelectrodomesticos.com\/?page_id=83"},"modified":"2025-11-25T14:47:55","modified_gmt":"2025-11-25T13:47:55","slug":"aviso-legal","status":"publish","type":"page","link":"https:\/\/www.articaelectrodomesticos.com\/index.php\/aviso-legal\/","title":{"rendered":"Aviso legal"},"content":{"rendered":"\t\t<div data-elementor-type=\"wp-page\" data-elementor-id=\"83\" class=\"elementor elementor-83\" data-elementor-post-type=\"page\">\n\t\t\t\t<div class=\"elementor-element elementor-element-ee75432 e-flex e-con-boxed e-con e-parent\" data-id=\"ee75432\" data-element_type=\"container\">\n\t\t\t\t\t<div class=\"e-con-inner\">\n\t\t\t\t<div class=\"elementor-element elementor-element-3a171b7 elementor-widget elementor-widget-spacer\" data-id=\"3a171b7\" data-element_type=\"widget\" data-widget_type=\"spacer.default\">\n\t\t\t\t\t\t\t<div class=\"elementor-spacer\">\n\t\t\t<div class=\"elementor-spacer-inner\"><\/div>\n\t\t<\/div>\n\t\t\t\t\t\t<\/div>\n\t\t\t\t<div class=\"elementor-element elementor-element-dc104cf elementor-widget elementor-widget-heading\" data-id=\"dc104cf\" data-element_type=\"widget\" data-widget_type=\"heading.default\">\n\t\t\t\t\t<h2 class=\"elementor-heading-title elementor-size-default\">Aviso legal<\/h2>\t\t\t\t<\/div>\n\t\t\t\t\t<\/div>\n\t\t\t\t<\/div>\n\t\t<div class=\"elementor-element elementor-element-dfb46f8 e-flex e-con-boxed e-con e-parent\" data-id=\"dfb46f8\" data-element_type=\"container\">\n\t\t\t\t\t<div class=\"e-con-inner\">\n\t\t\t\t<div class=\"elementor-element elementor-element-6aca182 elementor-widget elementor-widget-text-editor\" data-id=\"6aca182\" data-element_type=\"widget\" data-widget_type=\"text-editor.default\">\n\t\t\t\t\t\t\t\t\t<p>PRIMERA \u2013 TITULAR DE LA WEB<br \/>WWW.ARTICACLIMA.COM pertenece a ELDISSER, S.A., con domicilio social en Carrer de l\u2019Algepser, 84, Parque empresarial T\u00e1ctica, CP 46890 (Paterna) y CIF A46831442. Est\u00e1 inscrita en el en el Registro Mercantil de Valencia, T 3013, L 329, F 134, S 8, H V 4138.<\/p><p>Para contactar con ELDISSER, S.A., puede utilizar la direcci\u00f3n de correo postal arriba indicada, as\u00ed como la direcci\u00f3n de correo electr\u00f3nica informaci\u00f3n@eldisser.com y el tel\u00e9fono +34 963 052 900.<\/p><p>SEGUNDA \u2013 OBJETO DE LA WEB<br \/>ELDISSER, S.A., pone a disposici\u00f3n del p\u00fablico (en adelante usuario) que acceda a www.articaclima.com (en adelante WEB), informaci\u00f3n y datos (en adelante CONTENIDOS y\/o SERVICIOS), mediante una web de car\u00e1cter informativa, que son proporcionados y creados por la propia empresa.<\/p><p>Dada la naturaleza de la Web, as\u00ed como por su contenido y finalidad, la navegaci\u00f3n a trav\u00e9s de la misma puede hacerse sin necesidad de tener la condici\u00f3n de usuario registrado. En tales casos, ELDISSER, S.A. tambi\u00e9n desea cumplir con sus obligaciones legales y regular su uso, por lo que los usuarios aceptan que, por el hecho de acceder a las citadas p\u00e1ginas, quedan sometidos a los t\u00e9rminos y condiciones recogidos en estas Condiciones Generales en la medida que les sean de aplicaci\u00f3n.<\/p><p>ELDISSER, S.A. se reserva el derecho a modificar, en cualquier momento, la presentaci\u00f3n y\/o configuraci\u00f3n del Sitio Web, as\u00ed como el contenido de las presentes Condiciones Generales.<\/p><p>Por todo ello, y dado que todo usuario (registrado o no) asume que les ser\u00e1n de aplicaci\u00f3n estas Condiciones Generales seg\u00fan el contenido que est\u00e9 vigente en el momento de su acceso, quedan obligados a comprobarlas y conocerlas cada vez que accedan. ELDISSER, S.A. recomienda, pues, su lectura con cada acceso a la Web.<\/p><p>TERCERA \u2013 ACCESO A LA WEB<br \/>El acceso y uso del usuario a esta WEB no implica ninguna obligaci\u00f3n sobre la calidad y velocidad del acceso por parte de ELDISSER, S.A., que podr\u00e1, sin previo aviso, suspender o modificar las condiciones de acceso, tanto a la totalidad de la WEB, como a parte de la misma. Estas facultades en no supondr\u00e1n ning\u00fan tipo de responsabilidad sobre las consecuencias, da\u00f1os y perjuicios ocasionados.<\/p><p>El hardware y software necesarios para acceder a la web ser\u00e1n proporcionados por el mismo usuario, de manera que ELDISSER, S.A. no asume responsabilidad alguna sobre su mal funcionamiento o cualquier otro hecho o circunstancia que se derive; tampoco de los derechos de uso o licencias requeridos para su utilizaci\u00f3n.<\/p><p>Igualmente, ELDISSER, S.A. carecer\u00e1 de toda responsabilidad sobre cualquier anomal\u00eda, mal funcionamiento, deterioro, borrado de datos o de software que se produzca en los equipos o sistemas de los usuarios como consecuencia, directa o indirecta, del acceso o intento de acceso a la WEB.<\/p><p>El servicio prestado por ELDISSER, S.A. a trav\u00e9s de su WEB tiene car\u00e1cter indefinido, sin perjuicio de poder suspenderse o cancelarse sin previo aviso.<\/p><p>CUARTA \u2013 UTILIZACI\u00d3N CORRECTA DE LOS SERVICIOS<br \/>El usuario se obliga a usar los Servicios de forma diligente, correcta y l\u00edcita. En particular, y sin car\u00e1cter limitativo, se compromete a abstenerse de:<\/p><p>utilizar los Servicios de forma, con fines o efectos contrarios a la ley, a la moral y a las buenas costumbres generalmente aceptadas o al orden p\u00fablico;<br \/>reproducir o copiar, distribuir, permitir el acceso del p\u00fablico a trav\u00e9s de cualquier modalidad de comunicaci\u00f3n p\u00fablica, transformar o modificar los Servicios, a menos que se cuente con la autorizaci\u00f3n del titular de los correspondientes derechos o ello resulte legalmente permitido;<br \/>realizar cualquier acto que pueda ser considerado una vulneraci\u00f3n de cualesquiera derechos de propiedad intelectual o industrial pertenecientes a ELDISSER, S.A. o a terceros;<br \/>emplear los Servicios y la informaci\u00f3n de cualquier clase obtenida a trav\u00e9s del Sitio Web para remitir publicidad, comunicaciones con fines comerciales que contravengan la finalidad de la web, as\u00ed como mensajes no solicitados dirigidos a una pluralidad de personas con independencia de su finalidad, as\u00ed como de comercializar o divulgar de cualquier modo dicha informaci\u00f3n;<br \/>El usuario responder\u00e1 de los da\u00f1os y perjuicios de toda naturaleza que ELDISSER, S.A. pueda sufrir con ocasi\u00f3n o como consecuencia del incumplimiento de cualquiera de las obligaciones anteriormente expuestas, as\u00ed como cualesquiera otras incluidas en las presentes Condiciones Generales y\/o las impuestas por la Ley en relaci\u00f3n con la utilizaci\u00f3n del Sitio Web.<\/p><p>ELDISSER, S.A. velar\u00e1 en todo momento por el respeto del ordenamiento jur\u00eddico vigente, y estar\u00e1 legitimada para, a su entera discreci\u00f3n, interrumpir el Servicio e, incluso, excluir al usuario del Sitio Web en caso de presunta comisi\u00f3n, total o parcial, de alguno de los delitos tipificados en el C\u00f3digo Penal vigente, as\u00ed como en caso de observar conductas que, a juicio de ELDISSER, S.A., resulten contrarias a estas Condiciones Generales, la Ley, las normas establecidas por ELDISSER, S.A. o sus colaboradores, o puedan perturbar el buen funcionamiento, imagen, credibilidad y\/o prestigio de ELDISSER, S.A.<\/p><p>QUINTA \u2013 DERECHOS DE PROPIEDAD INTELECTUAL E INDUSTRIAL<br \/>Todos los contenidos del Sitio Web, tales como textos, gr\u00e1ficos, fotograf\u00edas, logotipos, iconos, im\u00e1genes, as\u00ed como el dise\u00f1o gr\u00e1fico, c\u00f3digo fuente y software, pertenecen ELDISSER, S.A. o en su caso, a terceros cuyos derechos ostenta leg\u00edtimamente. En ambos casos est\u00e1n protegidos por la legislaci\u00f3n nacional e internacional.<\/p><p>Queda estrictamente prohibida la utilizaci\u00f3n de todos los elementos objeto de propiedad industrial e intelectual con fines comerciales, as\u00ed como su distribuci\u00f3n, modificaci\u00f3n, alteraci\u00f3n o descompilaci\u00f3n.<\/p><p>La infracci\u00f3n de cualquiera de los citados derechos puede constituir una vulneraci\u00f3n de las presentes disposiciones, as\u00ed como un delito castigado en los art\u00edculos 270 y siguientes del C\u00f3digo Penal.<\/p><p>Se entiende que aquellos usuarios que env\u00eden al Sitio Web observaciones, opiniones o comentarios por medio del servicio de correo electr\u00f3nico o por cualquier otro medio, autorizan a ELDISSER, S.A. para su reproducci\u00f3n, distribuci\u00f3n, comunicaci\u00f3n p\u00fablica, transformaci\u00f3n, y el ejercicio de cualquier otro derecho de explotaci\u00f3n. Esta autorizaci\u00f3n se hace a t\u00edtulo gratuito, sin limitaci\u00f3n territorial, y extendi\u00e9ndose durante todo el tiempo en que est\u00e9 vigente seg\u00fan lo establecido en la legislaci\u00f3n aplicable.<\/p><p>Las reclamaciones que pudieran interponerse por los usuarios en relaci\u00f3n con posibles incumplimientos de los derechos de propiedad intelectual o industrial relativos a cualesquiera de los Servicios de este Sitio Web deber\u00e1n dirigirse a la siguiente direcci\u00f3n de correo electr\u00f3nico: informacion@eldisser.com.<\/p><p>SEXTA \u2013 CONTENIDO GENERADO POR EL USUARIO<br \/>ELDISSER, S.A. pone a disposici\u00f3n de los usuarios diferentes formas y medios de participaci\u00f3n para fomentar la conversaci\u00f3n y el intercambio de informaci\u00f3n. Su objetivo es permanecer abierto y accesible para cualquiera siempre que se respeten unas normas de convivencia y respeto b\u00e1sicas.<\/p><p>Por ello, todos los usuarios se comprometen a no utilizar dichas secciones con prop\u00f3sitos prohibidos por estas Condiciones. Adem\u00e1s, cada usuario es responsable de toda su actividad relacionada con el Servicio y deber\u00e1 cumplir con todas las leyes y normas aplicables, tanto nacionales, como internacionales. De manera especial, si el usuario representa a una empresa, los c\u00f3digos de publicidad, marketing, privacidad u otros c\u00f3digos de autorregulaci\u00f3n aplicables a su industria.<\/p><p>En concreto, las reglas de conducta son las siguientes:<\/p><p>El Usuario se compromete a cumplir con los t\u00e9rminos y condiciones de estos T\u00e9rminos de Servicio, Normas de la comunidad, y todas las leyes locales, nacionales y reglamentos internacionales.<br \/>El Usuario se compromete a no hacerse pasar por otra persona u organizaci\u00f3n; en caso contrario, puede incurrir en delito tipificado en el C\u00f3digo Penal u otras infracciones del ordenamiento jur\u00eddico espa\u00f1ol.<br \/>El Usuario se compromete a no utilizar un lenguaje irrespetuoso y ofensivo. No ser\u00e1n admitidos mensajes con amenazas, insultos graves o cualquier otro tipo de comentario que pueda herir la sensibilidad de los dem\u00e1s usuarios. En tal caso, ELDISSER, S.A. se reserva el derecho de retirar cualquier contenido que contravenga la presente condici\u00f3n.<br \/>El Usuario se compromete a no interferir en las funciones relacionadas con la seguridad del servicio que impidan o limiten el uso o copia de cualquier contenido. Adem\u00e1s, queda totalmente prohibido el uso de esta web como medio para organizar ataques o spam sobre cualquier otro tipo de servicios. Ese tipo de contenidos ser\u00e1n eliminados junto con las cuentas que llevaron a cabo tal acci\u00f3n.<br \/>Los administradores del servicio tienen el derecho a borrar o editar cualquier contenido y\/o cuenta de usuario que incumpla cualquier de las normas y obligaciones descritas en estos t\u00e9rminos legales o pueda ser considerado inapropiado por ELDISSER, S.A.<br \/>S\u00c9PTIMA \u2013 EXCLUSI\u00d3N DE GARANT\u00cdAS Y DE RESPONSABILIDAD<br \/>ELDISSER, S.A. no se hace responsable de la veracidad, exactitud y calidad del presente Sitio Web, sus servicios, informaci\u00f3n y materiales. Dichos servicios, informaci\u00f3n y materiales son presentados tal y como son y son accesibles sin garant\u00edas de ninguna clase.<\/p><p>ELDISSER, S.A. se reserva el derecho a interrumpir el acceso al Sitio Web y la prestaci\u00f3n de todos o parte de los Servicios en cualquier momento y sin previo aviso, ya sea por motivos t\u00e9cnicos, de seguridad, de control, de mantenimiento, por fallos de suministro el\u00e9ctrico o por cualquier otra causa justificada.<\/p><p>En consecuencia, ELDISSER, S.A. no garantiza la fiabilidad, la disponibilidad ni la continuidad de su Sitio Web o de los Servicios, por lo que la utilizaci\u00f3n de los mismos por parte del usuario se lleva a cabo por su propia cuenta y riesgo, sin que, en ning\u00fan caso, puedan exigirse por ello responsabilidades a ELDISSER, S.A.<\/p><p>ELDISSER, S.A. no ser\u00e1 responsable en caso de que existan interrupciones de los Servicios, demoras, errores, mal funcionamiento del mismo y, en general, cualesquiera inconvenientes que tengan su origen en causas que escapan a su control y\/o que sea debida a una actuaci\u00f3n dolosa o culposa del usuario y\/o tenga por origen causas de caso fortuito o fuerza mayor.<\/p><p>Sin perjuicio de lo establecido en el art\u00edculo 1105 del C\u00f3digo Civil, se entender\u00e1n incluidos en el concepto de Fuerza Mayor a los efectos de las presentes Condiciones, todos aquellos acontecimientos acaecidos fuera del control de ELDISSER, S.A. (tales como fallo de terceros, operadores o compa\u00f1\u00edas de servicios, actos de Gobierno, falta de acceso a redes de terceros, actos u omisiones de las Autoridades P\u00fablicas, los que sean consecuencia de fen\u00f3menos naturales, apagones, etc. y el ataque de hackers o terceros especializados en la seguridad o integridad del sistema inform\u00e1tico), siempre que ELDISSER, S.A. haya adoptado las medidas de seguridad razonables de acuerdo con el estado de la t\u00e9cnica.<\/p><p>En cualquier caso, y con independencia de su causa, ELDISSER, S.A. no asumir\u00e1 ninguna responsabilidad por da\u00f1os directos o indirectos, ni en relaci\u00f3n al da\u00f1o emergente o el lucro cesante.<\/p><p>Igualmente, ELDISSER, S.A. se exime de cualquier responsabilidad por los da\u00f1os y perjuicios de toda naturaleza que puedan deberse a la falta de veracidad, exactitud, exhaustividad y\/o actualidad de los Servicios transmitidos, difundidos, almacenados, puestos a disposici\u00f3n o recibidos, obtenidos o a los que se haya accedido a trav\u00e9s del Sitio Web, as\u00ed como por los Servicios prestados u ofertados por terceras personas o entidades.<\/p><p>ELDISSER, S.A. tratar\u00e1, en la medida de lo posible, de actualizar y rectificar aquella informaci\u00f3n alojada en su Sitio Web que no cumpla con las m\u00ednimas garant\u00edas de veracidad. No obstante, quedar\u00e1 exonerada de responsabilidad por su no actualizaci\u00f3n o rectificaci\u00f3n, as\u00ed como por los contenidos e informaciones vertidos en la misma. En este sentido, ELDISSER, S.A. no tiene obligaci\u00f3n de controlar, y no controla, los contenidos transmitidos, difundidos o puestos a disposici\u00f3n de terceros por los usuarios o colaboradores, salvo los supuestos en que as\u00ed lo exija la legislaci\u00f3n vigente o cuando sea requerido por una Autoridad Judicial o Administrativa competente.<\/p><p>De igual modo, ELDISSER, S.A. excluye cualquier responsabilidad por los da\u00f1os y perjuicios de toda clase que puedan deberse a la presencia de virus u otros elementos lesivos en los contenidos que puedan producir alteraci\u00f3n en los sistemas inform\u00e1ticos, as\u00ed como en los documentos o sistemas almacenados en los mismos.<\/p><p>Tampoco se hace responsable por la utilizaci\u00f3n que el usuario realice de los Servicios del Sitio Web, sus contrase\u00f1as, o cualquier otro material, infringiendo los derechos de propiedad intelectual o industrial o cualquier otro derecho de terceros.<\/p><p>El usuario se obliga a mantener indemne a ELDISSER, S.A. por cualquier da\u00f1o, perjuicio, sanci\u00f3n, gasto (incluyendo, sin limitaci\u00f3n, honorarios de abogados) o responsabilidad civil, administrativa o de cualquier otra \u00edndole, que pudiera sufrir ELDISSER, S.A. por el incumplimiento, o cumplimiento parcial o defectuoso, por su parte de lo establecido en las presentes Condiciones Generales o en la legislaci\u00f3n aplicable, y, en especial, en relaci\u00f3n con sus obligaciones relativas a protecci\u00f3n de datos de car\u00e1cter personal recogidas en las presentes condiciones, o las establecidas en la vigente normativa nacional y europea.<\/p><p>OCTAVA \u2013 ENLACES A OTROS SITIOS WEB<br \/>ELDISSER, S.A. no garantiza ni asume ning\u00fan tipo de responsabilidad por los da\u00f1os y perjuicios sufridos por el acceso al Servicios\/contenido de terceros a trav\u00e9s de conexiones, v\u00ednculos o links de los sitios enlazados, ni sobre la exactitud o fiabilidad de los mismos.<\/p><p>La funci\u00f3n de los enlaces que aparecen en www.articaclima.com es exclusivamente la de informar al usuario sobre la existencia de otras fuentes de informaci\u00f3n en Internet, donde podr\u00e1 ampliar los Servicios ofrecidos por el Portal.<\/p><p>ELDISSER, S.A. no ser\u00e1 en ning\u00fan caso responsable del resultado obtenido a trav\u00e9s de dichos enlaces o de las consecuencias que se deriven del acceso por los usuarios a los mismos. Estos Servicios de terceros son proporcionados por \u00e9stos, por lo que ELDISSER, S.A. no puede controlar ni controla la licitud de los Servicios ni su calidad. En consecuencia, el usuario debe extremar la prudencia en la valoraci\u00f3n y utilizaci\u00f3n de la informaci\u00f3n y servicios existentes en los contenidos de terceros.<\/p><p>NOVENA \u2013 TRATAMIENTO DE DATOS Y UTILIZACI\u00d3N DE COOKIES<br \/>ELDISSER, S.A. le informa de que, por visitar el presente portal web, www.articaclima.com, no queda registrado de forma autom\u00e1tica ning\u00fan dato de car\u00e1cter personal que identifique a un Usuario. En cambio, existe determinada informaci\u00f3n -de car\u00e1cter no personal y no identificable con un Usuario concreto- que se recoge durante la sesi\u00f3n en directo a trav\u00e9s de dispositivos denominados \u201ccookies\u201d.<\/p><p>Las \u00abcookies\u00bb, son peque\u00f1os ficheros de datos que se generan en el ordenador del Usuario y que nos permiten obtener la siguiente informaci\u00f3n:<\/p><p>La fecha y hora de acceso al Sitio Web: nos permite averiguar las horas de m\u00e1s afluencia y hacer los ajustes precisos para evitar problemas de saturaci\u00f3n en nuestras horas punta.<br \/>El n\u00famero de visitantes diarios de cada secci\u00f3n: nos permite conocer las \u00e1reas de m\u00e1s \u00e9xito y aumentar y mejorar su contenido, con el fin de que los Usuarios obtengan un resultado m\u00e1s satisfactorio.<br \/>La fecha y hora de la \u00faltima vez que el Usuario visit\u00f3 el Sitio Web.<br \/>El dise\u00f1o de contenidos que el Usuario escogi\u00f3 en su primera visita al Sitio Web.<br \/>Elementos de seguridad que intervienen en el control de acceso a las \u00e1reas restringidas.<br \/>La informaci\u00f3n obtenida es totalmente an\u00f3nima, y en ning\u00fan caso puede ser asociada a un Usuario concreto e identificado. Esta informaci\u00f3n permite a ELDISSER, S.A. adaptar y mejorar sus Servicios a los intereses del Usuario.<\/p><p>Por otra parte, este sitio web usa Google Analytics, un servicio anal\u00edtico de las cookies descritas anteriormente prestado por Google, Inc.<\/p><p>No obstante, el Usuario tiene la opci\u00f3n de impedir la generaci\u00f3n de cookies, mediante la selecci\u00f3n de la correspondiente opci\u00f3n en su programa navegador. ELDISSER, S.A. informa de que en el caso de que deshabilite el uso de cookies la navegaci\u00f3n puede ser m\u00e1s lenta de lo habitual.<\/p><p>Por otra parte, para la utilizaci\u00f3n de determinados Contenidos o Servicios, ELDISSER, S.A. podr\u00e1 requerir del Usuario ciertos datos personales a trav\u00e9s de los formularios dispuestos a tal efecto.<\/p><p>Por ello, y de acuerdo con lo establecido en la legislaci\u00f3n vigente en materia de Protecci\u00f3n de Datos de Car\u00e1cter Personal, le informamos de que los datos personales que nos facilite a trav\u00e9s de nuestro sitio web o mediante env\u00edos de correos electr\u00f3nicos, ser\u00e1n incorporados a los ficheros automatizados bajo la titularidad de ELDISSER, S.A., con domicilio en Carrer de l\u2019Algepser, 84, Parque empresarial T\u00e1ctica, CP 46890 (Paterna), con la finalidad de ser utilizados para gestionar su solicitud de informaci\u00f3n y enviarle comunicaciones publicitarias sobre las ofertas y servicios de ELDISSER, S.A y otras empresas del grupo, siendo conservados mientras sean necesarios para prestarle el servicio solicitado o suministrarle la informaci\u00f3n requerida.<\/p><p>S\u00f3lo ser\u00e1n comunicados a otras empresas del grupo Eldisser (Eldisser, S.L., Mi Electro Web, S.L., Pascual Mart\u00ed, S.L.), cuando la naturaleza de la solicitud de informaci\u00f3n o servicio contratado requiera su intervenci\u00f3n para lograr una actuaci\u00f3n armonizada y coordinada entre los servicios prestados por cada una de ellas.<\/p><p>Por su parte, ELDISSER, S.A. informa a todos los usuarios del car\u00e1cter no obligatorio de la recogida de datos de car\u00e1cter personal, salvo en los campos que indiquen lo contrario. Sin embargo, la no cumplimentaci\u00f3n de dichos datos podr\u00e1 impedir a ELDISSER, S.A. prestar todos aquellos Servicios vinculados a tales datos, liber\u00e1ndole de toda responsabilidad por la no prestaci\u00f3n o prestaci\u00f3n incompleta de estos Servicios.<\/p><p>Corresponde al usuario la obligaci\u00f3n de facilitar los datos de manera veraz y mantenerlos actualizados, reserv\u00e1ndose ELDISSER, S.A. el derecho de excluir de los Servicios a todo Usuario que haya facilitado datos falsos, sin perjuicio de las dem\u00e1s acciones que procedan en Derecho.<\/p><p>Todos los usuarios pueden ejercitar los derechos de acceso, oposici\u00f3n, rectificaci\u00f3n, supresi\u00f3n, limitaci\u00f3n del tratamiento y portabilidad de los datos mediante escrito dirigido a ELDISSER, S.A. Carrer de l\u2019Algepser, 84, Parque empresarial T\u00e1ctica, CP 46890 (Paterna), o a la direcci\u00f3n informacion@ldisser.com, adjuntando en ambos casos fotocopia del DNI.<\/p><p>D\u00c9CIMA \u2013 LEY APLICABLE Y JURISDICCI\u00d3N<br \/>Para cuantas cuestiones interpretativas o litigiosas que pudieran plantearse, ser\u00e1 de aplicaci\u00f3n la legislaci\u00f3n espa\u00f1ola y, en caso de controversia, ambas partes acuerdan someterse, con renuncia a cualquier otro fuero que pudiera corresponderle, a la jurisdicci\u00f3n de los Juzgados y Tribunales de la ciudad de Valencia, salvo en materia de consumo, en cuyo caso la competencia territorial la determinar\u00e1 el domicilio del consumidor.<\/p>\t\t\t\t\t\t\t\t<\/div>\n\t\t\t\t\t<\/div>\n\t\t\t\t<\/div>\n\t\t\t\t<\/div>\n\t\t","protected":false},"excerpt":{"rendered":"<p>Aviso legal PRIMERA \u2013 TITULAR DE LA WEBWWW.ARTICACLIMA.COM pertenece a ELDISSER, S.A., con domicilio social en Carrer de l\u2019Algepser, 84, [&hellip;]<\/p>\n","protected":false},"author":1,"featured_media":0,"parent":0,"menu_order":0,"comment_status":"open","ping_status":"closed","template":"","meta":{"site-sidebar-layout":"no-sidebar","site-content-layout":"","ast-site-content-layout":"full-width-container","site-content-style":"default","site-sidebar-style":"default","ast-global-header-display":"","ast-banner-title-visibility":"","ast-main-header-display":"","ast-hfb-above-header-display":"","ast-hfb-below-header-display":"","ast-hfb-mobile-header-display":"","site-post-title":"disabled","ast-breadcrumbs-content":"","ast-featured-img":"disabled","footer-sml-layout":"","theme-transparent-header-meta":"","adv-header-id-meta":"","stick-header-meta":"","header-above-stick-meta":"","header-main-stick-meta":"","header-below-stick-meta":"","astra-migrate-meta-layouts":"default","ast-page-background-enabled":"default","ast-page-background-meta":{"desktop":{"background-color":"var(--ast-global-color-5)","background-image":"","background-repeat":"repeat","background-position":"center center","background-size":"auto","background-attachment":"scroll","background-type":"","background-media":"","overlay-type":"","overlay-color":"","overlay-opacity":"","overlay-gradient":""},"tablet":{"background-color":"","background-image":"","background-repeat":"repeat","background-position":"center center","background-size":"auto","background-attachment":"scroll","background-type":"","background-media":"","overlay-type":"","overlay-color":"","overlay-opacity":"","overlay-gradient":""},"mobile":{"background-color":"","background-image":"","background-repeat":"repeat","background-position":"center center","background-size":"auto","background-attachment":"scroll","background-type":"","background-media":"","overlay-type":"","overlay-color":"","overlay-opacity":"","overlay-gradient":""}},"ast-content-background-meta":{"desktop":{"background-color":"var(--ast-global-color-4)","background-image":"","background-repeat":"repeat","background-position":"center center","background-size":"auto","background-attachment":"scroll","background-type":"","background-media":"","overlay-type":"","overlay-color":"","overlay-opacity":"","overlay-gradient":""},"tablet":{"background-color":"var(--ast-global-color-4)","background-image":"","background-repeat":"repeat","background-position":"center center","background-size":"auto","background-attachment":"scroll","background-type":"","background-media":"","overlay-type":"","overlay-color":"","overlay-opacity":"","overlay-gradient":""},"mobile":{"background-color":"var(--ast-global-color-4)","background-image":"","background-repeat":"repeat","background-position":"center center","background-size":"auto","background-attachment":"scroll","background-type":"","background-media":"","overlay-type":"","overlay-color":"","overlay-opacity":"","overlay-gradient":""}},"footnotes":""},"class_list":["post-83","page","type-page","status-publish","hentry"],"_links":{"self":[{"href":"https:\/\/www.articaelectrodomesticos.com\/index.php\/wp-json\/wp\/v2\/pages\/83","targetHints":{"allow":["GET"]}}],"collection":[{"href":"https:\/\/www.articaelectrodomesticos.com\/index.php\/wp-json\/wp\/v2\/pages"}],"about":[{"href":"https:\/\/www.articaelectrodomesticos.com\/index.php\/wp-json\/wp\/v2\/types\/page"}],"author":[{"embeddable":true,"href":"https:\/\/www.articaelectrodomesticos.com\/index.php\/wp-json\/wp\/v2\/users\/1"}],"replies":[{"embeddable":true,"href":"https:\/\/www.articaelectrodomesticos.com\/index.php\/wp-json\/wp\/v2\/comments?post=83"}],"version-history":[{"count":4,"href":"https:\/\/www.articaelectrodomesticos.com\/index.php\/wp-json\/wp\/v2\/pages\/83\/revisions"}],"predecessor-version":[{"id":92,"href":"https:\/\/www.articaelectrodomesticos.com\/index.php\/wp-json\/wp\/v2\/pages\/83\/revisions\/92"}],"wp:attachment":[{"href":"https:\/\/www.articaelectrodomesticos.com\/index.php\/wp-json\/wp\/v2\/media?parent=83"}],"curies":[{"name":"wp","href":"https:\/\/api.w.org\/{rel}","templated":true}]}}