{"id":64,"date":"2025-11-25T13:24:12","date_gmt":"2025-11-25T12:24:12","guid":{"rendered":"https:\/\/test.articaelectrodomesticos.com\/?page_id=64"},"modified":"2025-11-25T14:47:50","modified_gmt":"2025-11-25T13:47:50","slug":"politica-de-privacidad","status":"publish","type":"page","link":"https:\/\/www.articaelectrodomesticos.com\/index.php\/politica-de-privacidad\/","title":{"rendered":"Pol\u00edtica de privacidad"},"content":{"rendered":"\t\t<div data-elementor-type=\"wp-page\" data-elementor-id=\"64\" class=\"elementor elementor-64\" data-elementor-post-type=\"page\">\n\t\t\t\t<div class=\"elementor-element elementor-element-b358696 e-flex e-con-boxed e-con e-parent\" data-id=\"b358696\" data-element_type=\"container\">\n\t\t\t\t\t<div class=\"e-con-inner\">\n\t\t\t\t<div class=\"elementor-element elementor-element-2c6905e elementor-widget elementor-widget-spacer\" data-id=\"2c6905e\" data-element_type=\"widget\" data-widget_type=\"spacer.default\">\n\t\t\t\t\t\t\t<div class=\"elementor-spacer\">\n\t\t\t<div class=\"elementor-spacer-inner\"><\/div>\n\t\t<\/div>\n\t\t\t\t\t\t<\/div>\n\t\t\t\t<div class=\"elementor-element elementor-element-8834028 elementor-widget elementor-widget-heading\" data-id=\"8834028\" data-element_type=\"widget\" data-widget_type=\"heading.default\">\n\t\t\t\t\t<h2 class=\"elementor-heading-title elementor-size-default\">Pol\u00edtica de Privacidad<\/h2>\t\t\t\t<\/div>\n\t\t\t\t<div class=\"elementor-element elementor-element-55f86cc elementor-widget elementor-widget-text-editor\" data-id=\"55f86cc\" data-element_type=\"widget\" data-widget_type=\"text-editor.default\">\n\t\t\t\t\t\t\t\t\t<p>1. POL\u00cdTICA DE PRIVACIDAD Y SEGURIDAD<br \/>Desde ELDISSER, S.A., como titulares de la presente web (www.articaclima.com), velamos y protegemos los datos personales e informaci\u00f3n de nuestros clientes y usuarios, no s\u00f3lo cuando visitan nuestro sitio web, sino tambi\u00e9n cuando utilizan el resto de nuestros servicios.<\/p><p>Por ello, y de conformidad con la Ley Org\u00e1nica 15\/1999, sobre Protecci\u00f3n de Datos de Car\u00e1cter Personal, transposici\u00f3n de la Directiva 95\/46\/CE del Parlamento Europeo y del Consejo, as\u00ed como el resto del ordenamiento jur\u00eddico espa\u00f1ol y comunitario, presentamos esta Pol\u00edtica de Privacidad, donde se refleja nuestro compromiso por mantener y garantizar relaciones comerciales seguras mediante la protecci\u00f3n de los datos personales, garantizando el derecho a la privacidad de cada uno de nuestros usuarios y clientes.<\/p><p>2. DEFINICI\u00d3N DE DATO PERSONAL<br \/>Como \u00abDato Personal\u00bb debemos entender cualquier informaci\u00f3n concerniente a una persona f\u00edsica identificada o identificable. Entre otros, se incluyen el nombre, apellidos, la direcci\u00f3n postal y electr\u00f3nica, as\u00ed como el n\u00famero de tel\u00e9fono o incluso una foto.<\/p><p>3. TRATAMIENTOS Y FINALIDADES DE LOS DATOS RECOGIDOS<br \/>Cualquier dato personal que nos facilite al visitar nuestro sitio web o durante la prestaci\u00f3n de los servicios, ser\u00e1 tratado de conformidad con las normas de protecci\u00f3n de datos y s\u00f3lo ser\u00e1n recogidos, tratados y utilizados para fines l\u00edcitos y leg\u00edtimos, de los que siempre se informar\u00e1 previamente.<\/p><p>Por ello, y de acuerdo con lo establecido en la Ley Org\u00e1nica 15\/1999, de 13 de diciembre, de Protecci\u00f3n de Datos de Car\u00e1cter Personal, le informamos de que los datos personales que nos facilite a trav\u00e9s de nuestro sitio web o mediante env\u00edos de correos electr\u00f3nicos, ser\u00e1n incorporados a los ficheros automatizados bajo la titularidad de ELDISSER, S.A., con domicilio en Carrer de l\u2019Algepser, 84, Parque empresarial T\u00e1ctica, CP 46890 (Paterna), con la finalidad de ser utilizados para gestionar su solicitud de informaci\u00f3n y enviarle comunicaciones publicitarias sobre las ofertas, actividades y servicios que se desarrollan.<\/p><p>De todas formas, detallamos a continuaci\u00f3n las finalidades para las que recogemos informaci\u00f3n:<\/p><p>ELDISSER, S.A., a trav\u00e9s de su web www.articaclima.com, recoge, a trav\u00e9s de un formulario de contacto, los datos del usuario que formula una consulta con la finalidad de contactar con \u00e9l y resolver la cuesti\u00f3n planteada.<br \/>Asimismo, estos datos se recogen para que ELDISSER, S.A. pueda contactar con los usuarios de la p\u00e1gina, responder a cuantas cuestiones planteen y remitirles informaci\u00f3n comercial sobre los productos y novedades.<br \/>En cualquier caso, el usuario tiene la obligaci\u00f3n de facilitar los datos de manera veraz y mantenerlos actualizados, por lo que ELDISSER, S.A. se reserva el derecho de excluir de los servicios y proceder a la cancelaci\u00f3n del servicio a todo usuario que haya facilitado datos falsos, sin perjuicio de las dem\u00e1s acciones que procedan en Derecho.<\/p><p>En todo se indicar\u00e1 si los datos que se solicitan deben facilitarse o no con car\u00e1cter obligatorio. De todas formas, se entender\u00e1 que el facilitarlos es voluntario salvo que se indique lo contrario.<\/p><p>Ahora bien, la no cumplimentaci\u00f3n de dichos datos puede dar lugar a que ELDISSER, S.A. se vea impedida para prestar todos aquellos servicios que, por su naturaleza, necesiten el conocimiento de tales datos, por lo que, en tales casos, ELDISSER, S.A. queda exenta de toda responsabilidad por la no prestaci\u00f3n, o prestaci\u00f3n incompleta de tales servicios.<\/p><p>Destacar tambi\u00e9n que ning\u00fan dato personal ser\u00e1 comunicado a empresas externas si no se cuenta con el consentimiento de su titular para el env\u00edo de comunicaciones comerciales de otros productos y servicios.<\/p><p>Por \u00faltimo, el usuario no incluir\u00e1, en aquellos espacios habilitados como \u00abcampos de texto libre\u00bb, ning\u00fan dato de car\u00e1cter personal que pueda ser calificado dentro de aquellos datos para los que se exige un nivel de protecci\u00f3n de tipo medio o alto (esto es, datos relativos a ideolog\u00eda, religi\u00f3n, creencias, afiliaci\u00f3n sindical, salud, origen racial y\/o vida sexual, entre otros), sin previo aviso a ELDISSER, S.A. seg\u00fan define la normativa vigente. Tampoco podr\u00e1n utilizarse para vulnerar los derechos al honor e intimidad de terceros. Cualquier informaci\u00f3n de este tipo que sea facilitada se proceder\u00e1 a su eliminaci\u00f3n.<\/p><p>4. SEGURIDAD DE SUS DATOS PERSONALES<br \/>ELDISSER, S.A. tiene una preocupaci\u00f3n especial por garantizar la seguridad de sus datos personales. Sus datos son almacenados en nuestros sistemas de informaci\u00f3n, donde hemos adoptado e implantado medidas de seguridad, t\u00e9cnicas y organizativas, para prevenir cualquier p\u00e9rdida o uso no autorizado por terceros. En particular, nuestros empleados y colaboradores est\u00e1n obligados a cumplir con el deber de secreto profesional y han sido debidamente informados y formados al efecto.<\/p><p>5. INFORMACI\u00d3N SOBRE LA UTILIZACI\u00d3N DE COOKIES<br \/>ELDISSER, S.A. le informa de que por visitar el presente portal web no queda registrado de forma autom\u00e1tica ning\u00fan dato de car\u00e1cter personal que identifique a un Usuario.<\/p><p>En cambio, existe determinada informaci\u00f3n de car\u00e1cter no personal que se recoge durante la sesi\u00f3n en directo a trav\u00e9s de dispositivos denominados \u201ccookies\u201d. Estas \u00abcookies\u00bb, son peque\u00f1os ficheros de datos que se generan en el ordenador del Usuario y que nos permiten obtener la siguiente informaci\u00f3n:<\/p><p>La fecha y hora de acceso al Sitio Web. Ello nos permite averiguar las horas de m\u00e1s afluencia, y hacer los ajustes precisos para evitar problemas de saturaci\u00f3n en nuestras horas punta.<br \/>El n\u00famero de visitantes diarios de cada secci\u00f3n. Ello nos permite conocer las \u00e1reas de m\u00e1s \u00e9xito y aumentar y mejorar su contenido, con el fin de que los Usuarios obtengan un resultado m\u00e1s satisfactorio.<br \/>La fecha y hora de la \u00faltima vez que el Usuario visit\u00f3 el Sitio Web.<br \/>El dise\u00f1o de contenidos que el Usuario escogi\u00f3 en su primera visita al Sitio Web.<br \/>Elementos de seguridad que intervienen en el control de acceso a las \u00e1reas restringidas.<br \/>Sin perjuicio de que la informaci\u00f3n referente a la Pol\u00edtica de Cookies se desarrolle en un apartado espec\u00edfico bajo el mismo nombre, el titular de esta p\u00e1gina web desea aclarar que los datos obtenidos a trav\u00e9s de estas cookies son totalmente an\u00f3nimos y, en ning\u00fan caso, permiten asociarse a un Usuario concreto e identificado. Sin embargo, permite a ELDISSER, S.A. adaptar y mejorar sus Servicios a los intereses del Usuario.<\/p><p>Por otra parte, este sitio web usa Google Analytics, un servicio anal\u00edtico de las cookies descritas anteriormente prestado por Google, Inc.<\/p><p>No obstante, el Usuario tiene la opci\u00f3n de impedir la generaci\u00f3n de cookies, mediante la selecci\u00f3n de la correspondiente opci\u00f3n en su programa navegador, aunque ELDISSER, S.A. advierte que en el caso de que deshabilite el uso de cookies la navegaci\u00f3n puede ser m\u00e1s lenta de lo habitual.<\/p><p>6. DERECHOS DE LOS USUARIOS<br \/>Cualquiera de los consentimientos otorgados tiene car\u00e1cter revocable. Asimismo, podr\u00e1 ejercer sus derechos de acceso, rectificaci\u00f3n, cancelaci\u00f3n y oposici\u00f3n, dirigi\u00e9ndose por escrito a ELDISSER, S.A., direcci\u00f3n Carrer de l\u2019Algepser, 84, Parque empresarial T\u00e1ctica, CP 46890 (Paterna), adjuntando fotocopia del DNI.<\/p><p>\u00bfNO DESEA RECIBIR INFORMACI\u00d3N DE NOSOTROS O DESEA REVOCAR SU CONSENTIMIENTO?<br \/>Cualquier usuario puede oponerse al uso de su informaci\u00f3n para fines publicitarios, investigaciones de mercado o desarrollo de encuestas de satisfacci\u00f3n, as\u00ed como revocar su consentimiento en cualquier momento (sin efecto retroactivo). Para ello, deber\u00e1 enviar un correo electr\u00f3nico a la direcci\u00f3n informacion@eldisser.com Cuando reciba publicidad por correo electr\u00f3nico, tambi\u00e9n podr\u00e1 oponer desde dicho correo electr\u00f3nico, pinchando en el enlace incluido en el mismo y siguiendo las instrucciones que le sean facilitadas.<\/p><p>8. CAMBIOS A LA POL\u00cdTICA DE PRIVACIDAD<br \/>Nuestra Pol\u00edtica de Privacidad podr\u00e1 sufrir actualizaciones, debidas a cambios y necesidades legales, as\u00ed como debidas a mejoras y cambios incluidos en la forma de ofrecer y prestar nuestros servicios. Por ello, le recomendamos que visite y acceda a nuestra Pol\u00edtica de Privacidad peri\u00f3dicamente, para poder tener acceso y conocer los \u00faltimos cambios que hayan podido ser incorporados. En caso de que dichos cambios guarden relaci\u00f3n con el consentimiento prestado por el usuario, en tal caso le ser\u00e1 enviada una notificaci\u00f3n independiente y por separado para recabarlo nuevamente.<\/p><p>Si durante la lectura le ha surgido alguna duda o cuesti\u00f3n sobre nuestra Pol\u00edtica de Privacidad o quiere ejercitar alg\u00fan derecho o acci\u00f3n relativa a sus datos personales, por favor p\u00f3ngase en contacto con nosotros en la siguiente direcci\u00f3n de correo electr\u00f3nico informacion@eldisser.com.<\/p>\t\t\t\t\t\t\t\t<\/div>\n\t\t\t\t\t<\/div>\n\t\t\t\t<\/div>\n\t\t\t\t<\/div>\n\t\t","protected":false},"excerpt":{"rendered":"<p>Pol\u00edtica de Privacidad 1. POL\u00cdTICA DE PRIVACIDAD Y SEGURIDADDesde ELDISSER, S.A., como titulares de la presente web (www.articaclima.com), velamos y [&hellip;]<\/p>\n","protected":false},"author":1,"featured_media":0,"parent":0,"menu_order":0,"comment_status":"open","ping_status":"closed","template":"","meta":{"site-sidebar-layout":"no-sidebar","site-content-layout":"","ast-site-content-layout":"full-width-container","site-content-style":"default","site-sidebar-style":"default","ast-global-header-display":"","ast-banner-title-visibility":"","ast-main-header-display":"","ast-hfb-above-header-display":"","ast-hfb-below-header-display":"","ast-hfb-mobile-header-display":"","site-post-title":"disabled","ast-breadcrumbs-content":"","ast-featured-img":"disabled","footer-sml-layout":"","theme-transparent-header-meta":"","adv-header-id-meta":"","stick-header-meta":"","header-above-stick-meta":"","header-main-stick-meta":"","header-below-stick-meta":"","astra-migrate-meta-layouts":"default","ast-page-background-enabled":"default","ast-page-background-meta":{"desktop":{"background-color":"var(--ast-global-color-5)","background-image":"","background-repeat":"repeat","background-position":"center center","background-size":"auto","background-attachment":"scroll","background-type":"","background-media":"","overlay-type":"","overlay-color":"","overlay-opacity":"","overlay-gradient":""},"tablet":{"background-color":"","background-image":"","background-repeat":"repeat","background-position":"center center","background-size":"auto","background-attachment":"scroll","background-type":"","background-media":"","overlay-type":"","overlay-color":"","overlay-opacity":"","overlay-gradient":""},"mobile":{"background-color":"","background-image":"","background-repeat":"repeat","background-position":"center center","background-size":"auto","background-attachment":"scroll","background-type":"","background-media":"","overlay-type":"","overlay-color":"","overlay-opacity":"","overlay-gradient":""}},"ast-content-background-meta":{"desktop":{"background-color":"var(--ast-global-color-4)","background-image":"","background-repeat":"repeat","background-position":"center center","background-size":"auto","background-attachment":"scroll","background-type":"","background-media":"","overlay-type":"","overlay-color":"","overlay-opacity":"","overlay-gradient":""},"tablet":{"background-color":"var(--ast-global-color-4)","background-image":"","background-repeat":"repeat","background-position":"center center","background-size":"auto","background-attachment":"scroll","background-type":"","background-media":"","overlay-type":"","overlay-color":"","overlay-opacity":"","overlay-gradient":""},"mobile":{"background-color":"var(--ast-global-color-4)","background-image":"","background-repeat":"repeat","background-position":"center center","background-size":"auto","background-attachment":"scroll","background-type":"","background-media":"","overlay-type":"","overlay-color":"","overlay-opacity":"","overlay-gradient":""}},"footnotes":""},"class_list":["post-64","page","type-page","status-publish","hentry"],"_links":{"self":[{"href":"https:\/\/www.articaelectrodomesticos.com\/index.php\/wp-json\/wp\/v2\/pages\/64","targetHints":{"allow":["GET"]}}],"collection":[{"href":"https:\/\/www.articaelectrodomesticos.com\/index.php\/wp-json\/wp\/v2\/pages"}],"about":[{"href":"https:\/\/www.articaelectrodomesticos.com\/index.php\/wp-json\/wp\/v2\/types\/page"}],"author":[{"embeddable":true,"href":"https:\/\/www.articaelectrodomesticos.com\/index.php\/wp-json\/wp\/v2\/users\/1"}],"replies":[{"embeddable":true,"href":"https:\/\/www.articaelectrodomesticos.com\/index.php\/wp-json\/wp\/v2\/comments?post=64"}],"version-history":[{"count":17,"href":"https:\/\/www.articaelectrodomesticos.com\/index.php\/wp-json\/wp\/v2\/pages\/64\/revisions"}],"predecessor-version":[{"id":89,"href":"https:\/\/www.articaelectrodomesticos.com\/index.php\/wp-json\/wp\/v2\/pages\/64\/revisions\/89"}],"wp:attachment":[{"href":"https:\/\/www.articaelectrodomesticos.com\/index.php\/wp-json\/wp\/v2\/media?parent=64"}],"curies":[{"name":"wp","href":"https:\/\/api.w.org\/{rel}","templated":true}]}}